{"id":47,"date":"2024-03-25T22:16:07","date_gmt":"2024-03-25T22:16:07","guid":{"rendered":"https:\/\/adits.mx\/?page_id=47"},"modified":"2025-07-30T12:00:35","modified_gmt":"2025-07-30T18:00:35","slug":"empresa","status":"publish","type":"page","link":"https:\/\/adits.mx\/?page_id=47","title":{"rendered":"Empresa"},"content":{"rendered":"<p>Advanced ITS, empresa mexicana que brinda soluciones en las \u00e1reas de Tecnolog\u00edas de Informaci\u00f3n, Energ\u00eda, Cyberseguridad, Telecomunicaciones, Automatizaci\u00f3n-Control.<\/p>\n<p>Nuestro personal en constante capacitaci\u00f3n y aprendizaje es nuestro activo m\u00e1s importante que da soluci\u00f3n a cualquier situaci\u00f3n que nuestros clientes requieran.<\/p>\n<p>La satisfacci\u00f3n de nuestros clientes es nuestro objetivo principal quienes tendr\u00e1n siempre un valor agregado de nuestros servicios.<\/p>\n<p>&nbsp;<\/p>\n<p>&nbsp;<\/p>\n","protected":false},"excerpt":{"rendered":"<p>Advanced ITS, empresa mexicana que brinda soluciones en las \u00e1reas de Tecnolog\u00edas de Informaci\u00f3n, Energ\u00eda, Cyberseguridad, Telecomunicaciones, Automatizaci\u00f3n-Control. Nuestro personal en constante capacitaci\u00f3n y aprendizaje es nuestro activo m\u00e1s importante que da soluci\u00f3n a cualquier situaci\u00f3n que nuestros clientes requieran. La satisfacci\u00f3n de nuestros clientes es nuestro objetivo principal quienes tendr\u00e1n siempre un valor agregado [&hellip;]<\/p>\n","protected":false},"author":1,"featured_media":0,"parent":0,"menu_order":0,"comment_status":"closed","ping_status":"closed","template":"","meta":{"footnotes":""},"class_list":["post-47","page","type-page","status-publish","hentry"],"_links":{"self":[{"href":"https:\/\/adits.mx\/index.php?rest_route=\/wp\/v2\/pages\/47","targetHints":{"allow":["GET"]}}],"collection":[{"href":"https:\/\/adits.mx\/index.php?rest_route=\/wp\/v2\/pages"}],"about":[{"href":"https:\/\/adits.mx\/index.php?rest_route=\/wp\/v2\/types\/page"}],"author":[{"embeddable":true,"href":"https:\/\/adits.mx\/index.php?rest_route=\/wp\/v2\/users\/1"}],"replies":[{"embeddable":true,"href":"https:\/\/adits.mx\/index.php?rest_route=%2Fwp%2Fv2%2Fcomments&post=47"}],"version-history":[{"count":5,"href":"https:\/\/adits.mx\/index.php?rest_route=\/wp\/v2\/pages\/47\/revisions"}],"predecessor-version":[{"id":411,"href":"https:\/\/adits.mx\/index.php?rest_route=\/wp\/v2\/pages\/47\/revisions\/411"}],"wp:attachment":[{"href":"https:\/\/adits.mx\/index.php?rest_route=%2Fwp%2Fv2%2Fmedia&parent=47"}],"curies":[{"name":"wp","href":"https:\/\/api.w.org\/{rel}","templated":true}]}}